{"id":1087,"date":"2023-10-05T20:00:47","date_gmt":"2023-10-05T23:00:47","guid":{"rendered":"https:\/\/transamerica93.com.br\/home\/?page_id=1087"},"modified":"2023-10-12T14:07:07","modified_gmt":"2023-10-12T17:07:07","slug":"a-radio","status":"publish","type":"page","link":"https:\/\/transamerica93.com.br\/home\/a-radio\/","title":{"rendered":"A r\u00e1dio"},"content":{"rendered":"<p><strong>R\u00e1dio Transam\u00e9rica<\/strong>\u00a0Hits\u00a0<strong>Mococa<\/strong>\u00a0FM 93,3 &#8211; tem uma programa\u00e7\u00e3o mais ecl\u00e9tica, composta por grandes sucessos nacionais e internacionais, e ainda com grande enfoco informativo e jornal\u00edstico .<\/p>\n<p>R\u00e1dio: 94% dos ouvintes sintonizam uma emissora para ouvir a programa\u00e7\u00e3o musical<\/p>\n<p><em>S\u00edmbolo de credibilidade, o vov\u00f4 da comunica\u00e7\u00e3o\u00a0\u00e9 uma das principais ferramentas para democratizar a veicula\u00e7\u00e3o de conte\u00fado sonoro nas diferentes plataformas<\/em>\u00a0,\u00a0 atualmente somos privilegiados com esse meio de comunica\u00e7\u00e3o t\u00e3o importante para a sociedade brasileira,\u00a0<strong>principalmente quando o assunto \u00e9 distribui\u00e7\u00e3o musical, j\u00e1 que 94% dos ouvintes ligam o r\u00e1dio para ouvir a programa\u00e7\u00e3o musical. Ah, e outro dado important\u00edssimo, o tempo total ligadinho em uma emissora \u00e9 superior a 20% do seu tempo ativo di\u00e1rio. Compreendeu a import\u00e2ncia do meio?<\/strong><\/p>\n<p><strong>O r\u00e1dio \u00e9 um dos principais meios de comunica\u00e7\u00e3o<\/strong><\/p>\n<p>Essa paix\u00e3o nacional, que come\u00e7ou\u00a0com as hist\u00f3rias rom\u00e2nticas ouvidas anos atr\u00e1s, ultrapassa agora as fronteiras de uma cultura. Com a rotina corrida, muitas vezes n\u00e3o temos tempo de ficar em frente a um\u00a0aparelho, mas ai entra a for\u00e7a do meio e, da nossa grande aliada, a tecnologia.<\/p>\n<p>Independente de termos o r\u00e1dio como companhia para estar por dentro das principais not\u00edcias (da nossa regi\u00e3o, estado ou pa\u00eds), para escutar uma boa programa\u00e7\u00e3o musical, informar-se sobre as previs\u00f5es do tempo para o final de semana, estar a par dos gols de nosso time preferido, ou simplesmente buscar informa\u00e7\u00f5es sobre o signo do dia, em uma coisa temos que concordar, essa\u00a0<strong>\u00e9 a principal ferramenta para democratizar a veicula\u00e7\u00e3o de conte\u00fado sonoro<\/strong>. Ele \u00e9 o \u00fanico meio de divulga\u00e7\u00e3o presente em todos os lugares como: resid\u00eancias, autom\u00f3veis, port\u00e1teis, r\u00e1dio rel\u00f3gio, celulares, \u00a0entre outros. \u00c9 tamb\u00e9m o \u00fanico que pode ser \u201cconsumido\u201d enquanto se realiza uma outra atividade.<\/p>\n<p>Atrav\u00e9s da pesquisa Book de R\u00e1dio (Kantar Ibope Media) , sobre o meio e comportamento do ouvinte, concluiu-se que o r\u00e1dio permanece relevante para o ouvinte e\u00a0<strong>consequentemente, para o anunciante<\/strong>. De acordo com essas buscas, a evolu\u00e7\u00e3o tecnol\u00f3gica \u00e9 considerada uma das principais ferramentas para democratizar a veicula\u00e7\u00e3o de conte\u00fado sonoro nas diferentes plataformas e formatos.<\/p>\n<p>Para se lan\u00e7ar uma m\u00fasica tamb\u00e9m \u00e9 indispens\u00e1vel. Que outra forma obter o sucesso nas paradas musicais se n\u00e3o tocar nas emissoras de sua cidade, Estado e pa\u00eds? A web \u00e9 poderosa, pode at\u00e9 servir como um term\u00f4metro para lan\u00e7ar um novo hits, mas \u00e9 no r\u00e1dio que a m\u00fasica ganha o gosto da galera e torna um cantor, um verdadeiro pop star.<\/p>\n<p><strong>Segmenta\u00e7\u00e3o qualitativa de p\u00fablicos:<\/strong><\/p>\n<p>Como o\u00a0Brasil\u00a0\u00e9 um pa\u00eds rico em culturas, cada regi\u00e3o tem suas prefer\u00eancias e comportamentos diferenciados. O gosto de cada ouvinte vem conforme suas tradi\u00e7\u00f5es e regi\u00f5es. Em campinas, por exemplo, a pesquisa identificou que os ouvintes escutam m\u00fasica sertaneja e, 24%, ou seja, 9,39% da audi\u00eancia escuta principalmente a programa\u00e7\u00e3o Sucesso\/As mais pedidas. J\u00e1 no Distrito Federal, 21% escutam samba\/pagode. Em Belo Horizonte, apesar de 41% dos entrevistados afirmarem escutar m\u00fasica sertaneja, o maior \u00edndice de audi\u00eancia \u00e9 na hora do MPB, superando os 13% de audi\u00eancia. As m\u00fasicas de rock em ingl\u00eas foram citadas como suas preferidas por 27% dos ouvintes das emissoras de Curitiba\u00a0e, 25% do p\u00fablico de Salvador.\u00a0\u00a0E Fortaleza, qual ritmo voc\u00ea acha que faz a cabe\u00e7a dos ouvintes? Isso mesmo ax\u00e9 e m\u00fasica baiana. J\u00e1 no Recife, MPB est\u00e1 na disputa acirrada com o samba\/pagode.<\/p>\n<p>O que isso tem a ver com as r\u00e1dios locais? Tudo, pois dessa forma as emissoras, assim como as redes sociais est\u00e3o antenadas das necessidades, exig\u00eancias e comportamento da popula\u00e7\u00e3o e tendem a criar uma programa\u00e7\u00e3o que atinja o maior n\u00famero de pessoas poss\u00edveis,\u00a0<strong>al\u00e9m de atrair anunciantes relacionados<\/strong>\u00a0com essas prefer\u00eancias e direcionando investimentos acertados.<\/p>\n<p><strong>O alcance do r\u00e1dio diante da popula\u00e7\u00e3o:<\/strong><\/p>\n<p>O r\u00e1dio tem um poder imensur\u00e1vel diante da sociedade brasileira, pesquisas comprovam que 89% da popula\u00e7\u00e3o tem esse meio de comunica\u00e7\u00e3o como um fiel companheiro di\u00e1rio. Parece inacredit\u00e1vel quando paramos para pensar que 52 milh\u00f5es de usu\u00e1rios tem uma m\u00e9dia de 4h36\u00a0<strong>de sintonia di\u00e1ria<\/strong>. Sem contar que para muitas regi\u00f5es de dif\u00edcil acesso esse \u00e9 o \u00fanico modo das not\u00edcias chegarem at\u00e9 as pessoas.<\/p>\n<p>Saiba mais sobre a audi\u00eancia comportamental dos ouvintes da\u00a0<strong><a href=\"https:\/\/www.connectmix.com\/conhecendo-mercado-antes-de-anunciar\/\">for\u00e7a do meio R\u00e1dio<\/a>:<\/strong><\/p>\n<p>O r\u00e1dio quase teve sua vida encerrada por dois momentos, um com a chegada da televis\u00e3o e alguns anos depois com a populariza\u00e7\u00e3o da internet, mas esse velho senhor est\u00e1 ai para mostrar que resistiu a tudo e continua mais forte do que nunca, inovando e interagindo com novas tecnologias. Para Ricardo Medeiros, jornalista e Doutor em r\u00e1dio pela Universit\u00e9 Du Maine, na Fran\u00e7a,\u00a0<strong>o r\u00e1dio foi e continua sendo um grande ve\u00edculo de massa<\/strong>, uma fonte de not\u00edcias, lazer e entretenimento. \u201cAl\u00e9m da instantaneidade da informa\u00e7\u00e3o, \u00e9 um meio de comunica\u00e7\u00e3o acess\u00edvel para pessoas analfabetas e um companheiro para deficientes visuais\u201d, afirma.<\/p>\n<p><strong>Alto poder de dissemina\u00e7\u00e3o<\/strong><\/p>\n<p>Mesmo diante de tantos altos e baixos esse fiel escudeiro, veio mostrar que est\u00e1 ai para ficar. E gra\u00e7as a toda essa evolu\u00e7\u00e3o digital que toma conta, seu alcance expandiu-se, possibilitando que em qualquer lugar do mundo possamos acessar a r\u00e1dio de nossa prefer\u00eancia e ouvir a\u00a0 programa\u00e7\u00e3o da mesma. Isso acontece tamb\u00e9m com a distribui\u00e7\u00e3o musical e fortalecimento de marca. Sabendo investir na emissora certa, os resultados s\u00e3o excelentes, por este motivo,\u00a0\u00a0<a href=\"https:\/\/www.connectmix.com\/importancia-da-midia-de-radio-numa-campanha-publicitaria\/\">a sua import\u00e2ncia tanto no lan\u00e7amento de uma campanha publicit\u00e1ria, quanto no lan\u00e7amento e proje\u00e7\u00e3o de uma nova composi\u00e7\u00e3o.<\/a><\/p>\n<p><strong>\u00a0<\/strong><\/p>\n<p><strong>Num contexto geral, no nosso pa\u00eds, o r\u00e1dio segue disparado como meio de comunica\u00e7\u00e3o mais usado .\u00a0<\/strong>Em pesquisa, da KPMG Internacional, aqui as pessoas gastam mais tempo escutando uma emissora de r\u00e1dio de sua prefer\u00eancia do que parados em frente \u00e0 televis\u00e3o.<\/p>\n<p><strong>L\u00edder de audi\u00eancia no hor\u00e1rio comercial:<\/strong><\/p>\n<p>Se comparado com a televis\u00e3o,\u00a0<strong>o r\u00e1dio tem o triplo da audi\u00eancia<\/strong>\u00a0que no per\u00edodo da manh\u00e3 e mais do dobro durante a tarde. Para alegria dos investidores que apostam nesse meio de comunica\u00e7\u00e3o para aumentar seus ganhos e dos ouvintes que procuram qualidade na hora da compra, o r\u00e1dio \u00e9 l\u00edder de audi\u00eancia justo no hor\u00e1rio comercial.<\/p>\n<p><strong>\u00a0<\/strong>Pouco importa se voc\u00ea \u00e9 um pequeno ou grande empres\u00e1rio, isso n\u00e3o vem ao caso agora, o importante \u00e9 n\u00e3o deixar de anunciar seus produtos nesse meio espetacular chamado r\u00e1dio e ver\u00a0 seus lucros aumentarem a cada dia.<\/p>\n","protected":false},"excerpt":{"rendered":"<p>R\u00e1dio Transam\u00e9rica\u00a0Hits\u00a0Mococa\u00a0FM 93,3 &#8211; tem uma programa\u00e7\u00e3o mais ecl\u00e9tica, composta por grandes sucessos nacionais e internacionais, e ainda com grande enfoco informativo e jornal\u00edstico . R\u00e1dio: 94% dos ouvintes sintonizam uma emissora para ouvir a programa\u00e7\u00e3o musical S\u00edmbolo de credibilidade, o vov\u00f4 da comunica\u00e7\u00e3o\u00a0\u00e9 uma das principais ferramentas para democratizar a veicula\u00e7\u00e3o de conte\u00fado sonoro &hellip;<\/p>\n","protected":false},"author":1,"featured_media":1675,"parent":0,"menu_order":0,"comment_status":"closed","ping_status":"closed","template":"","meta":{"footnotes":""},"class_list":["post-1087","page","type-page","status-publish","has-post-thumbnail","hentry"],"yoast_head":"<!-- This site is optimized with the Yoast SEO plugin v27.4 - https:\/\/yoast.com\/product\/yoast-seo-wordpress\/ -->\n<title>A r\u00e1dio - Transam\u00e9rica Mococa 93,3<\/title>\n<meta name=\"robots\" content=\"index, follow, max-snippet:-1, max-image-preview:large, max-video-preview:-1\" \/>\n<link rel=\"canonical\" href=\"https:\/\/transamerica93.com.br\/home\/a-radio\/\" \/>\n<meta property=\"og:locale\" content=\"pt_BR\" \/>\n<meta property=\"og:type\" content=\"article\" \/>\n<meta property=\"og:title\" content=\"A r\u00e1dio - Transam\u00e9rica Mococa 93,3\" \/>\n<meta property=\"og:description\" content=\"R\u00e1dio Transam\u00e9rica\u00a0Hits\u00a0Mococa\u00a0FM 93,3 &#8211; tem uma programa\u00e7\u00e3o mais ecl\u00e9tica, composta por grandes sucessos nacionais e internacionais, e ainda com grande enfoco informativo e jornal\u00edstico . R\u00e1dio: 94% dos ouvintes sintonizam uma emissora para ouvir a programa\u00e7\u00e3o musical S\u00edmbolo de credibilidade, o vov\u00f4 da comunica\u00e7\u00e3o\u00a0\u00e9 uma das principais ferramentas para democratizar a veicula\u00e7\u00e3o de conte\u00fado sonoro &hellip;\" \/>\n<meta property=\"og:url\" content=\"https:\/\/transamerica93.com.br\/home\/a-radio\/\" \/>\n<meta property=\"og:site_name\" content=\"Transam\u00e9rica Mococa 93,3\" \/>\n<meta property=\"article:publisher\" content=\"https:\/\/www.facebook.com\/transamericamococa\" \/>\n<meta property=\"article:modified_time\" content=\"2023-10-12T17:07:07+00:00\" \/>\n<meta property=\"og:image\" content=\"https:\/\/transamerica93.com.br\/home\/wp-content\/uploads\/2023\/10\/LOGO-POSTS.png\" \/>\n\t<meta property=\"og:image:width\" content=\"800\" \/>\n\t<meta property=\"og:image:height\" content=\"500\" \/>\n\t<meta property=\"og:image:type\" content=\"image\/png\" \/>\n<meta name=\"twitter:card\" content=\"summary_large_image\" \/>\n<meta name=\"twitter:site\" content=\"@transamerica933\" \/>\n<meta name=\"twitter:label1\" content=\"Est. tempo de leitura\" \/>\n\t<meta name=\"twitter:data1\" content=\"6 minutos\" \/>\n<script type=\"application\/ld+json\" class=\"yoast-schema-graph\">{\"@context\":\"https:\\\/\\\/schema.org\",\"@graph\":[{\"@type\":\"WebPage\",\"@id\":\"https:\\\/\\\/transamerica93.com.br\\\/home\\\/a-radio\\\/\",\"url\":\"https:\\\/\\\/transamerica93.com.br\\\/home\\\/a-radio\\\/\",\"name\":\"A r\u00e1dio - Transam\u00e9rica Mococa 93,3\",\"isPartOf\":{\"@id\":\"https:\\\/\\\/transamerica93.com.br\\\/home\\\/#website\"},\"primaryImageOfPage\":{\"@id\":\"https:\\\/\\\/transamerica93.com.br\\\/home\\\/a-radio\\\/#primaryimage\"},\"image\":{\"@id\":\"https:\\\/\\\/transamerica93.com.br\\\/home\\\/a-radio\\\/#primaryimage\"},\"thumbnailUrl\":\"https:\\\/\\\/transamerica93.com.br\\\/home\\\/wp-content\\\/uploads\\\/2023\\\/10\\\/LOGO-POSTS.png\",\"datePublished\":\"2023-10-05T23:00:47+00:00\",\"dateModified\":\"2023-10-12T17:07:07+00:00\",\"breadcrumb\":{\"@id\":\"https:\\\/\\\/transamerica93.com.br\\\/home\\\/a-radio\\\/#breadcrumb\"},\"inLanguage\":\"pt-BR\",\"potentialAction\":[{\"@type\":\"ReadAction\",\"target\":[\"https:\\\/\\\/transamerica93.com.br\\\/home\\\/a-radio\\\/\"]}]},{\"@type\":\"ImageObject\",\"inLanguage\":\"pt-BR\",\"@id\":\"https:\\\/\\\/transamerica93.com.br\\\/home\\\/a-radio\\\/#primaryimage\",\"url\":\"https:\\\/\\\/transamerica93.com.br\\\/home\\\/wp-content\\\/uploads\\\/2023\\\/10\\\/LOGO-POSTS.png\",\"contentUrl\":\"https:\\\/\\\/transamerica93.com.br\\\/home\\\/wp-content\\\/uploads\\\/2023\\\/10\\\/LOGO-POSTS.png\",\"width\":800,\"height\":500},{\"@type\":\"BreadcrumbList\",\"@id\":\"https:\\\/\\\/transamerica93.com.br\\\/home\\\/a-radio\\\/#breadcrumb\",\"itemListElement\":[{\"@type\":\"ListItem\",\"position\":1,\"name\":\"In\u00edcio\",\"item\":\"https:\\\/\\\/transamerica93.com.br\\\/home\\\/\"},{\"@type\":\"ListItem\",\"position\":2,\"name\":\"A r\u00e1dio\"}]},{\"@type\":\"WebSite\",\"@id\":\"https:\\\/\\\/transamerica93.com.br\\\/home\\\/#website\",\"url\":\"https:\\\/\\\/transamerica93.com.br\\\/home\\\/\",\"name\":\"Transam\u00e9rica Mococa 93,3\",\"description\":\"\",\"publisher\":{\"@id\":\"https:\\\/\\\/transamerica93.com.br\\\/home\\\/#organization\"},\"potentialAction\":[{\"@type\":\"SearchAction\",\"target\":{\"@type\":\"EntryPoint\",\"urlTemplate\":\"https:\\\/\\\/transamerica93.com.br\\\/home\\\/?s={search_term_string}\"},\"query-input\":{\"@type\":\"PropertyValueSpecification\",\"valueRequired\":true,\"valueName\":\"search_term_string\"}}],\"inLanguage\":\"pt-BR\"},{\"@type\":\"Organization\",\"@id\":\"https:\\\/\\\/transamerica93.com.br\\\/home\\\/#organization\",\"name\":\"Transam\u00e9rica Mococa 93,3\",\"url\":\"https:\\\/\\\/transamerica93.com.br\\\/home\\\/\",\"logo\":{\"@type\":\"ImageObject\",\"inLanguage\":\"pt-BR\",\"@id\":\"https:\\\/\\\/transamerica93.com.br\\\/home\\\/#\\\/schema\\\/logo\\\/image\\\/\",\"url\":\"https:\\\/\\\/transamerica93.com.br\\\/home\\\/wp-content\\\/uploads\\\/2023\\\/10\\\/logo2.png\",\"contentUrl\":\"https:\\\/\\\/transamerica93.com.br\\\/home\\\/wp-content\\\/uploads\\\/2023\\\/10\\\/logo2.png\",\"width\":800,\"height\":500,\"caption\":\"Transam\u00e9rica Mococa 93,3\"},\"image\":{\"@id\":\"https:\\\/\\\/transamerica93.com.br\\\/home\\\/#\\\/schema\\\/logo\\\/image\\\/\"},\"sameAs\":[\"https:\\\/\\\/www.facebook.com\\\/transamericamococa\",\"https:\\\/\\\/x.com\\\/transamerica933\",\"https:\\\/\\\/www.instagram.com\\\/transamericamococa\"]}]}<\/script>\n<!-- \/ Yoast SEO plugin. -->","yoast_head_json":{"title":"A r\u00e1dio - Transam\u00e9rica Mococa 93,3","robots":{"index":"index","follow":"follow","max-snippet":"max-snippet:-1","max-image-preview":"max-image-preview:large","max-video-preview":"max-video-preview:-1"},"canonical":"https:\/\/transamerica93.com.br\/home\/a-radio\/","og_locale":"pt_BR","og_type":"article","og_title":"A r\u00e1dio - Transam\u00e9rica Mococa 93,3","og_description":"R\u00e1dio Transam\u00e9rica\u00a0Hits\u00a0Mococa\u00a0FM 93,3 &#8211; tem uma programa\u00e7\u00e3o mais ecl\u00e9tica, composta por grandes sucessos nacionais e internacionais, e ainda com grande enfoco informativo e jornal\u00edstico . R\u00e1dio: 94% dos ouvintes sintonizam uma emissora para ouvir a programa\u00e7\u00e3o musical S\u00edmbolo de credibilidade, o vov\u00f4 da comunica\u00e7\u00e3o\u00a0\u00e9 uma das principais ferramentas para democratizar a veicula\u00e7\u00e3o de conte\u00fado sonoro &hellip;","og_url":"https:\/\/transamerica93.com.br\/home\/a-radio\/","og_site_name":"Transam\u00e9rica Mococa 93,3","article_publisher":"https:\/\/www.facebook.com\/transamericamococa","article_modified_time":"2023-10-12T17:07:07+00:00","og_image":[{"width":800,"height":500,"url":"https:\/\/transamerica93.com.br\/home\/wp-content\/uploads\/2023\/10\/LOGO-POSTS.png","type":"image\/png"}],"twitter_card":"summary_large_image","twitter_site":"@transamerica933","twitter_misc":{"Est. tempo de leitura":"6 minutos"},"schema":{"@context":"https:\/\/schema.org","@graph":[{"@type":"WebPage","@id":"https:\/\/transamerica93.com.br\/home\/a-radio\/","url":"https:\/\/transamerica93.com.br\/home\/a-radio\/","name":"A r\u00e1dio - Transam\u00e9rica Mococa 93,3","isPartOf":{"@id":"https:\/\/transamerica93.com.br\/home\/#website"},"primaryImageOfPage":{"@id":"https:\/\/transamerica93.com.br\/home\/a-radio\/#primaryimage"},"image":{"@id":"https:\/\/transamerica93.com.br\/home\/a-radio\/#primaryimage"},"thumbnailUrl":"https:\/\/transamerica93.com.br\/home\/wp-content\/uploads\/2023\/10\/LOGO-POSTS.png","datePublished":"2023-10-05T23:00:47+00:00","dateModified":"2023-10-12T17:07:07+00:00","breadcrumb":{"@id":"https:\/\/transamerica93.com.br\/home\/a-radio\/#breadcrumb"},"inLanguage":"pt-BR","potentialAction":[{"@type":"ReadAction","target":["https:\/\/transamerica93.com.br\/home\/a-radio\/"]}]},{"@type":"ImageObject","inLanguage":"pt-BR","@id":"https:\/\/transamerica93.com.br\/home\/a-radio\/#primaryimage","url":"https:\/\/transamerica93.com.br\/home\/wp-content\/uploads\/2023\/10\/LOGO-POSTS.png","contentUrl":"https:\/\/transamerica93.com.br\/home\/wp-content\/uploads\/2023\/10\/LOGO-POSTS.png","width":800,"height":500},{"@type":"BreadcrumbList","@id":"https:\/\/transamerica93.com.br\/home\/a-radio\/#breadcrumb","itemListElement":[{"@type":"ListItem","position":1,"name":"In\u00edcio","item":"https:\/\/transamerica93.com.br\/home\/"},{"@type":"ListItem","position":2,"name":"A r\u00e1dio"}]},{"@type":"WebSite","@id":"https:\/\/transamerica93.com.br\/home\/#website","url":"https:\/\/transamerica93.com.br\/home\/","name":"Transam\u00e9rica Mococa 93,3","description":"","publisher":{"@id":"https:\/\/transamerica93.com.br\/home\/#organization"},"potentialAction":[{"@type":"SearchAction","target":{"@type":"EntryPoint","urlTemplate":"https:\/\/transamerica93.com.br\/home\/?s={search_term_string}"},"query-input":{"@type":"PropertyValueSpecification","valueRequired":true,"valueName":"search_term_string"}}],"inLanguage":"pt-BR"},{"@type":"Organization","@id":"https:\/\/transamerica93.com.br\/home\/#organization","name":"Transam\u00e9rica Mococa 93,3","url":"https:\/\/transamerica93.com.br\/home\/","logo":{"@type":"ImageObject","inLanguage":"pt-BR","@id":"https:\/\/transamerica93.com.br\/home\/#\/schema\/logo\/image\/","url":"https:\/\/transamerica93.com.br\/home\/wp-content\/uploads\/2023\/10\/logo2.png","contentUrl":"https:\/\/transamerica93.com.br\/home\/wp-content\/uploads\/2023\/10\/logo2.png","width":800,"height":500,"caption":"Transam\u00e9rica Mococa 93,3"},"image":{"@id":"https:\/\/transamerica93.com.br\/home\/#\/schema\/logo\/image\/"},"sameAs":["https:\/\/www.facebook.com\/transamericamococa","https:\/\/x.com\/transamerica933","https:\/\/www.instagram.com\/transamericamococa"]}]}},"_links":{"self":[{"href":"https:\/\/transamerica93.com.br\/home\/wp-json\/wp\/v2\/pages\/1087","targetHints":{"allow":["GET"]}}],"collection":[{"href":"https:\/\/transamerica93.com.br\/home\/wp-json\/wp\/v2\/pages"}],"about":[{"href":"https:\/\/transamerica93.com.br\/home\/wp-json\/wp\/v2\/types\/page"}],"author":[{"embeddable":true,"href":"https:\/\/transamerica93.com.br\/home\/wp-json\/wp\/v2\/users\/1"}],"replies":[{"embeddable":true,"href":"https:\/\/transamerica93.com.br\/home\/wp-json\/wp\/v2\/comments?post=1087"}],"version-history":[{"count":1,"href":"https:\/\/transamerica93.com.br\/home\/wp-json\/wp\/v2\/pages\/1087\/revisions"}],"predecessor-version":[{"id":1089,"href":"https:\/\/transamerica93.com.br\/home\/wp-json\/wp\/v2\/pages\/1087\/revisions\/1089"}],"wp:featuredmedia":[{"embeddable":true,"href":"https:\/\/transamerica93.com.br\/home\/wp-json\/wp\/v2\/media\/1675"}],"wp:attachment":[{"href":"https:\/\/transamerica93.com.br\/home\/wp-json\/wp\/v2\/media?parent=1087"}],"curies":[{"name":"wp","href":"https:\/\/api.w.org\/{rel}","templated":true}]}}